{"id":1269,"date":"2026-02-15T14:31:33","date_gmt":"2026-02-15T12:31:33","guid":{"rendered":"https:\/\/gibostad.no\/martna\/?page_id=1269"},"modified":"2026-03-08T13:17:48","modified_gmt":"2026-03-08T11:17:48","slug":"velkommen","status":"publish","type":"page","link":"https:\/\/gibostad.no\/martna\/","title":{"rendered":""},"content":{"rendered":"<h1><center>Velkommen til<br \/>\n<img loading=\"lazy\" decoding=\"async\" class=\"alignnone size-full wp-image-1314\" src=\"https:\/\/gibostad.no\/martna\/wp-content\/uploads\/2026\/03\/GibostadMartna-logo.jpg\" alt=\"\" width=\"600\" height=\"469\" srcset=\"https:\/\/gibostad.no\/martna\/wp-content\/uploads\/2026\/03\/GibostadMartna-logo.jpg 600w, https:\/\/gibostad.no\/martna\/wp-content\/uploads\/2026\/03\/GibostadMartna-logo-300x235.jpg 300w, https:\/\/gibostad.no\/martna\/wp-content\/uploads\/2026\/03\/GibostadMartna-logo-384x300.jpg 384w\" sizes=\"auto, (max-width: 600px) 100vw, 600px\" \/><\/h1>\n<p><\/center><br \/>\nVi er i full gang med \u00e5 planlegge \u00e5rets arrangement, og er glade for \u00e5 invitere deg til \u00e5rets GibostadMartna som finner sted <strong>8.\u20139. august!<\/strong><\/p>\n<figure id=\"attachment_1382\" aria-describedby=\"caption-attachment-1382\" style=\"width: 1351px\" class=\"wp-caption alignnone\"><img loading=\"lazy\" decoding=\"async\" class=\"size-full wp-image-1382\" src=\"https:\/\/gibostad.no\/martna\/wp-content\/uploads\/2026\/03\/martnafolk-02.avif\" alt=\"\" width=\"1351\" height=\"892\" \/><figcaption id=\"caption-attachment-1382\" class=\"wp-caption-text\">Foto: Raymond N\u00e6ss Berg<\/figcaption><\/figure>\n<p>Bli med oss p\u00e5 en helg fylt med festligheter, lokal kultur, spennende utstillere og aktiviteter for b\u00e5de store og sm\u00e5.<\/p>\n<p><strong><center><em>Dersom du har lyst \u00e5 delta som utstiller,<br \/>s\u00e5 kan du gj\u00f8re det ved \u00e5 trykke p\u00e5 knappen under.<\/strong><br \/>\n<a href=\"https:\/\/gibostad.no\/martna\/pameldingsskjema-2026\/\"><img loading=\"lazy\" decoding=\"async\" class=\"alignnone size-full wp-image-1388\" src=\"https:\/\/gibostad.no\/martna\/wp-content\/uploads\/2026\/03\/Pameldingss-knapp.jpg\" alt=\"\" width=\"415\" height=\"141\" srcset=\"https:\/\/gibostad.no\/martna\/wp-content\/uploads\/2026\/03\/Pameldingss-knapp.jpg 415w, https:\/\/gibostad.no\/martna\/wp-content\/uploads\/2026\/03\/Pameldingss-knapp-300x102.jpg 300w\" sizes=\"auto, (max-width: 415px) 100vw, 415px\" \/><\/a><\/em><\/center>\u200b<\/p>\n<p>Martnaen vil i \u00e5r, som tidligere \u00e5r, v\u00e6re p\u00e5 <strong>&laquo;Gamle Gibostad&raquo;<\/strong>, hvor vi planlegger mye g\u00f8y. Den gode gamle Martna-atmosf\u00e6ren vil v\u00e6re til stede, med massevis av salgsboder, lokal mat og spennende opplevelser.<\/p>\n<p>Kom og utforsk de mange utstillerne, m\u00f8t lokale h\u00e5ndverkere og n\u00e6ringsdrivende, og nyt en helg med glede og tradisjon. Vi har et variert program for b\u00e5de barn og voksne, og ser frem til \u00e5 skape minner sammen med deg.<\/p>\n<figure id=\"attachment_1382\" aria-describedby=\"caption-attachment-1382\" style=\"width: 1351px\" class=\"wp-caption alignnone\"><img loading=\"lazy\" decoding=\"async\" class=\"size-full wp-image-1382\" src=\"https:\/\/gibostad.no\/martna\/wp-content\/uploads\/2026\/03\/martnafolk-01.avif\" alt=\"\" width=\"1351\" height=\"892\" srcset=\"https:\/\/gibostad.no\/martna\/wp-content\/uploads\/2026\/03\/martnafolk-01.avif 1351w, https:\/\/gibostad.no\/martna\/wp-content\/uploads\/2026\/03\/martnafolk-01-300x198.avif 300w, https:\/\/gibostad.no\/martna\/wp-content\/uploads\/2026\/03\/martnafolk-01-1024x676.avif 1024w, https:\/\/gibostad.no\/martna\/wp-content\/uploads\/2026\/03\/martnafolk-01-768x507.avif 768w, https:\/\/gibostad.no\/martna\/wp-content\/uploads\/2026\/03\/martnafolk-01-454x300.avif 454w\" sizes=\"auto, (max-width: 1351px) 100vw, 1351px\" \/><figcaption id=\"caption-attachment-1382\" class=\"wp-caption-text\">Foto: Raymond N\u00e6ss Berg<\/figcaption><\/figure>\n<p><center>Vi \u00f8nsker \u00e5 h\u00f8re fra deg \u2013 hva \u00f8nsker du \u00e5 se p\u00e5 \u00e5rets martna?<br \/>Du kan n\u00e5 oss via facebook:<br \/>\n<a href=\"http:\/\/www.facebook.com\/gibostadmartna\" target=\"_blank\" rel=\"noopener\"><img loading=\"lazy\" decoding=\"async\" class=\"aligncenter size-large wp-image-808\" src=\"http:\/\/www.gibostad.no\/martna\/wp-content\/uploads\/2015\/01\/fblogo-1024x308.jpg\" alt=\"fblogo\" width=\"584\" height=\"176\" \/><\/a><\/center><\/p>\n<p><center><strong><em>Vi gleder oss til \u00e5 gj\u00f8re GibostadMartna 2026 til en uforglemmelig helg!<\/em><\/strong><\/center><\/p>\n","protected":false},"excerpt":{"rendered":"<p>Velkommen til Vi er i full gang med \u00e5 planlegge \u00e5rets arrangement, og er glade for \u00e5 invitere deg til \u00e5rets GibostadMartna som finner sted 8.\u20139. august! Bli med oss <a href=\"https:\/\/gibostad.no\/martna\/\" class=\"more-link\">[&hellip;]<\/a><\/p>\n","protected":false},"author":1,"featured_media":0,"parent":0,"menu_order":0,"comment_status":"closed","ping_status":"closed","template":"","meta":{"Layout":"","footnotes":""},"class_list":["entry","author-johan","post-1269","page","type-page","status-publish"],"_links":{"self":[{"href":"https:\/\/gibostad.no\/martna\/wp-json\/wp\/v2\/pages\/1269","targetHints":{"allow":["GET"]}}],"collection":[{"href":"https:\/\/gibostad.no\/martna\/wp-json\/wp\/v2\/pages"}],"about":[{"href":"https:\/\/gibostad.no\/martna\/wp-json\/wp\/v2\/types\/page"}],"author":[{"embeddable":true,"href":"https:\/\/gibostad.no\/martna\/wp-json\/wp\/v2\/users\/1"}],"replies":[{"embeddable":true,"href":"https:\/\/gibostad.no\/martna\/wp-json\/wp\/v2\/comments?post=1269"}],"version-history":[{"count":80,"href":"https:\/\/gibostad.no\/martna\/wp-json\/wp\/v2\/pages\/1269\/revisions"}],"predecessor-version":[{"id":1481,"href":"https:\/\/gibostad.no\/martna\/wp-json\/wp\/v2\/pages\/1269\/revisions\/1481"}],"wp:attachment":[{"href":"https:\/\/gibostad.no\/martna\/wp-json\/wp\/v2\/media?parent=1269"}],"curies":[{"name":"wp","href":"https:\/\/api.w.org\/{rel}","templated":true}]}}