{"id":1334,"date":"2026-03-02T00:24:53","date_gmt":"2026-03-01T22:24:53","guid":{"rendered":"https:\/\/gibostad.no\/martna\/?page_id=1334"},"modified":"2026-03-07T14:07:03","modified_gmt":"2026-03-07T12:07:03","slug":"pameldingsskjema-2026","status":"publish","type":"page","link":"https:\/\/gibostad.no\/martna\/pameldingsskjema-2026\/","title":{"rendered":"P\u00e5meldingsskjema 2026"},"content":{"rendered":"<style id=\"wpforms-css-vars-1324\">\n\t\t\t\t#wpforms-1324 {\n\t\t\t\t--wpforms-container-padding: 0px;\n--wpforms-container-border-width: 1px;\n--wpforms-container-border-radius: 3px;\n--wpforms-background-color: rgba(0, 0, 0, 0);\n--wpforms-field-size-input-height: 43px;\n--wpforms-field-size-input-spacing: 15px;\n--wpforms-field-size-font-size: 16px;\n--wpforms-field-size-line-height: 19px;\n--wpforms-field-size-padding-h: 14px;\n--wpforms-field-size-checkbox-size: 16px;\n--wpforms-field-size-sublabel-spacing: 5px;\n--wpforms-field-size-icon-size: 1;\n--wpforms-label-size-font-size: 16px;\n--wpforms-label-size-line-height: 19px;\n--wpforms-label-size-sublabel-font-size: 14px;\n--wpforms-label-size-sublabel-line-height: 17px;\n--wpforms-button-size-font-size: 17px;\n--wpforms-button-size-height: 41px;\n--wpforms-button-size-padding-h: 15px;\n--wpforms-button-size-margin-top: 10px;\n--wpforms-container-shadow-size-box-shadow: none;\n\t\t\t}\n\t\t\t<\/style><div class=\"wpforms-container wpforms-container-full wpforms-render-modern\" id=\"wpforms-1324\"><form id=\"wpforms-form-1324\" class=\"wpforms-validate wpforms-form wpforms-ajax-form\" data-formid=\"1324\" method=\"post\" enctype=\"multipart\/form-data\" action=\"\/martna\/wp-json\/wp\/v2\/pages\/1334\" data-token=\"142a8966fb9ec8b120c902bd96532208\" data-token-time=\"1777333020\"><noscript class=\"wpforms-error-noscript\">Please enable JavaScript in your browser to complete this form.<\/noscript><div id=\"wpforms-error-noscript\" style=\"display: none;\">Please enable JavaScript in your browser to complete this form.<\/div><div class=\"wpforms-field-container\"><div id=\"wpforms-1324-field_21-container\" class=\"wpforms-field wpforms-field-checkbox\" data-field-id=\"21\"><fieldset><legend class=\"wpforms-field-label\">Stiller du \/ dere som: <span class=\"wpforms-required-label\" aria-hidden=\"true\">*<\/span><\/legend><ul id=\"wpforms-1324-field_21\" class=\"wpforms-field-required\"><li class=\"choice-1 depth-1\"><input type=\"checkbox\" id=\"wpforms-1324-field_21_1\" name=\"wpforms[fields][21][]\" value=\"Privatperson\" aria-errormessage=\"wpforms-1324-field_21_1-error\" required ><label class=\"wpforms-field-label-inline\" for=\"wpforms-1324-field_21_1\">Privatperson<\/label><\/li><li class=\"choice-2 depth-1\"><input type=\"checkbox\" id=\"wpforms-1324-field_21_2\" name=\"wpforms[fields][21][]\" value=\"Firma\" aria-errormessage=\"wpforms-1324-field_21_2-error\" required ><label class=\"wpforms-field-label-inline\" for=\"wpforms-1324-field_21_2\">Firma<\/label><\/li><\/ul><\/fieldset><\/div><div id=\"wpforms-1324-field_1-container\" class=\"wpforms-field wpforms-field-name\" data-field-id=\"1\"><label class=\"wpforms-field-label\" for=\"wpforms-1324-field_1\">Navn p\u00e5 utstiller eller firma <span class=\"wpforms-required-label\" aria-hidden=\"true\">*<\/span><\/label><input type=\"text\" id=\"wpforms-1324-field_1\" class=\"wpforms-field-medium wpforms-field-required\" name=\"wpforms[fields][1]\" aria-errormessage=\"wpforms-1324-field_1-error\" required><\/div><div id=\"wpforms-1324-field_8-container\" class=\"wpforms-field wpforms-field-name\" data-field-id=\"8\"><label class=\"wpforms-field-label\" for=\"wpforms-1324-field_8\">Kontaktperson <span class=\"wpforms-required-label\" aria-hidden=\"true\">*<\/span><\/label><input type=\"text\" id=\"wpforms-1324-field_8\" class=\"wpforms-field-medium wpforms-field-required\" name=\"wpforms[fields][8]\" aria-errormessage=\"wpforms-1324-field_8-error\" required><\/div><div id=\"wpforms-1324-field_9-container\" class=\"wpforms-field wpforms-field-name\" data-field-id=\"9\"><label class=\"wpforms-field-label\" for=\"wpforms-1324-field_9\">Adresse <span class=\"wpforms-required-label\" aria-hidden=\"true\">*<\/span><\/label><input type=\"text\" id=\"wpforms-1324-field_9\" class=\"wpforms-field-medium wpforms-field-required\" name=\"wpforms[fields][9]\" aria-errormessage=\"wpforms-1324-field_9-error\" required><\/div><div id=\"wpforms-1324-field_11-container\" class=\"wpforms-field wpforms-field-name\" data-field-id=\"11\"><label class=\"wpforms-field-label\" for=\"wpforms-1324-field_11\">Postnr- og sted <span class=\"wpforms-required-label\" aria-hidden=\"true\">*<\/span><\/label><input type=\"text\" id=\"wpforms-1324-field_11\" class=\"wpforms-field-medium wpforms-field-required\" name=\"wpforms[fields][11]\" aria-errormessage=\"wpforms-1324-field_11-error\" required><\/div><div id=\"wpforms-1324-field_20-container\" class=\"wpforms-field wpforms-field-name\" data-field-id=\"20\"><label class=\"wpforms-field-label\" for=\"wpforms-1324-field_20\">Mobilnummer <span class=\"wpforms-required-label\" aria-hidden=\"true\">*<\/span><\/label><input type=\"text\" id=\"wpforms-1324-field_20\" class=\"wpforms-field-medium wpforms-field-required\" name=\"wpforms[fields][20]\" aria-errormessage=\"wpforms-1324-field_20-error\" required><\/div>\t\t<div id=\"wpforms-1324-field_4-container\"\n\t\t\tclass=\"wpforms-field wpforms-field-text\"\n\t\t\tdata-field-type=\"text\"\n\t\t\tdata-field-id=\"4\"\n\t\t\t>\n\t\t\t<label class=\"wpforms-field-label\" for=\"wpforms-1324-field_4\" >firma for Ved<\/label>\n\t\t\t<input type=\"text\" id=\"wpforms-1324-field_4\" class=\"wpforms-field-medium\" name=\"wpforms[fields][4]\" >\n\t\t<\/div>\n\t\t<div id=\"wpforms-1324-field_2-container\" class=\"wpforms-field wpforms-field-email\" data-field-id=\"2\"><label class=\"wpforms-field-label\" for=\"wpforms-1324-field_2\">E-post <span class=\"wpforms-required-label\" aria-hidden=\"true\">*<\/span><\/label><input type=\"email\" id=\"wpforms-1324-field_2\" class=\"wpforms-field-medium wpforms-field-required\" name=\"wpforms[fields][2]\" spellcheck=\"false\" aria-errormessage=\"wpforms-1324-field_2-error\" required><\/div><div id=\"wpforms-1324-field_7-container\" class=\"wpforms-field wpforms-field-textarea\" data-field-id=\"7\"><label class=\"wpforms-field-label\" for=\"wpforms-1324-field_7\">Hva \u00f8nsker du \/ dere \u00e5 selge eller presentere? <span class=\"wpforms-required-label\" aria-hidden=\"true\">*<\/span><\/label><textarea id=\"wpforms-1324-field_7\" class=\"wpforms-field-medium wpforms-field-required\" name=\"wpforms[fields][7]\" aria-errormessage=\"wpforms-1324-field_7-error\" required><\/textarea><\/div><div id=\"wpforms-1324-field_3-container\" class=\"wpforms-field wpforms-field-radio\" data-field-id=\"3\"><fieldset><legend class=\"wpforms-field-label\">Hvilken dag \u00f8nsker du \u00e5 delta? <span class=\"wpforms-required-label\" aria-hidden=\"true\">*<\/span><\/legend><ul id=\"wpforms-1324-field_3\" class=\"wpforms-field-required\"><li class=\"choice-1 depth-1\"><input type=\"radio\" id=\"wpforms-1324-field_3_1\" name=\"wpforms[fields][3]\" value=\"L\u00f8rdag kr 600,- (private) \/ kr 1.000,- (firma)\" aria-errormessage=\"wpforms-1324-field_3_1-error\" required ><label class=\"wpforms-field-label-inline\" for=\"wpforms-1324-field_3_1\">L\u00f8rdag kr 600,- (private) \/ kr 1.000,- (firma)<\/label><\/li><li class=\"choice-2 depth-1\"><input type=\"radio\" id=\"wpforms-1324-field_3_2\" name=\"wpforms[fields][3]\" value=\"S\u00f8ndag kr 600,- (private) \/ kr 1.000,- (firma)\" aria-errormessage=\"wpforms-1324-field_3_2-error\" required ><label class=\"wpforms-field-label-inline\" for=\"wpforms-1324-field_3_2\">S\u00f8ndag kr 600,- (private) \/ kr 1.000,- (firma)<\/label><\/li><li class=\"choice-3 depth-1\"><input type=\"radio\" id=\"wpforms-1324-field_3_3\" name=\"wpforms[fields][3]\" value=\"Begge dager kr 1.000,- (private) \/ kr 1.700,- (firma)\" aria-errormessage=\"wpforms-1324-field_3_3-error\" required ><label class=\"wpforms-field-label-inline\" for=\"wpforms-1324-field_3_3\">Begge dager kr 1.000,- (private) \/ kr 1.700,- (firma)<\/label><\/li><\/ul><\/fieldset><\/div><div id=\"wpforms-1324-field_12-container\" class=\"wpforms-field wpforms-field-number-slider\" data-field-id=\"12\"><label class=\"wpforms-field-label\" for=\"wpforms-1324-field_12\">\u00d8nsker du\/dere \u00e5 leie bord? Evt. hvor mange? Kr. 30,-pr dag.<\/label>\n<input\n\ttype=\"range\"\n\tid=\"wpforms-1324-field_12\" class=\"wpforms-field-medium\" name=\"wpforms[fields][12]\" value=\"0\" aria-errormessage=\"wpforms-1324-field_12-error\"\t\tmin=\"0\"\n\tmax=\"10\"\n\tstep=\"1\">\n\n<div class=\"wpforms-field-number-slider-hint\"\n\tdata-hint=\"Selected Value: {value}\">\n\tSelected Value: <b>0<\/b><\/div>\n<\/div><div id=\"wpforms-1324-field_14-container\" class=\"wpforms-field wpforms-field-radio\" data-field-id=\"14\"><fieldset><legend class=\"wpforms-field-label\">\u00d8nsker du\/dere \u00e5 leie str\u00f8m til staden? Kr 100,- pr dag <span class=\"wpforms-required-label\" aria-hidden=\"true\">*<\/span><\/legend><ul id=\"wpforms-1324-field_14\" class=\"wpforms-field-required\"><li class=\"choice-1 depth-1\"><input type=\"radio\" id=\"wpforms-1324-field_14_1\" name=\"wpforms[fields][14]\" value=\"Ja\" aria-errormessage=\"wpforms-1324-field_14_1-error\" required ><label class=\"wpforms-field-label-inline\" for=\"wpforms-1324-field_14_1\">Ja<\/label><\/li><li class=\"choice-2 depth-1\"><input type=\"radio\" id=\"wpforms-1324-field_14_2\" name=\"wpforms[fields][14]\" value=\"Nei\" aria-errormessage=\"wpforms-1324-field_14_2-error\" required ><label class=\"wpforms-field-label-inline\" for=\"wpforms-1324-field_14_2\">Nei<\/label><\/li><\/ul><\/fieldset><\/div><div id=\"wpforms-1324-field_16-container\" class=\"wpforms-field wpforms-field-textarea\" data-field-id=\"16\"><label class=\"wpforms-field-label\" for=\"wpforms-1324-field_16\">Andre opplysninger dere \u00f8nsker \u00e5 medgi oss.<\/label><textarea id=\"wpforms-1324-field_16\" class=\"wpforms-field-medium\" name=\"wpforms[fields][16]\" aria-errormessage=\"wpforms-1324-field_16-error\" ><\/textarea><\/div><div id=\"wpforms-1324-field_18-container\" class=\"wpforms-field wpforms-field-checkbox\" data-field-id=\"18\"><fieldset><legend class=\"wpforms-field-label\">Ja, jeg \/ vi har lest og forst\u00e5tt retningslinjene for GibostadMartna 2026. Ved \u00e5 krysse av her, godtar jeg vilk\u00e5rene. <span class=\"wpforms-required-label\" aria-hidden=\"true\">*<\/span><\/legend><ul id=\"wpforms-1324-field_18\" class=\"wpforms-field-required\"><li class=\"choice-1 depth-1\"><input type=\"checkbox\" id=\"wpforms-1324-field_18_1\" name=\"wpforms[fields][18][]\" value=\"Jeg har lest gjennom retningslinjene for GibostadMartna 2026.\" aria-errormessage=\"wpforms-1324-field_18_1-error\" required ><label class=\"wpforms-field-label-inline\" for=\"wpforms-1324-field_18_1\">Jeg har lest gjennom retningslinjene for GibostadMartna 2026.<\/label><\/li><\/ul><\/fieldset><\/div><script>\n\t\t\t\t( function() {\n\t\t\t\t\tconst style = document.createElement( 'style' );\n\t\t\t\t\tstyle.appendChild( document.createTextNode( '#wpforms-1324-field_4-container { position: absolute !important; overflow: hidden !important; display: inline !important; height: 1px !important; width: 1px !important; z-index: -1000 !important; padding: 0 !important; } #wpforms-1324-field_4-container input { visibility: hidden; } #wpforms-conversational-form-page #wpforms-1324-field_4-container label { counter-increment: none; }' ) );\n\t\t\t\t\tdocument.head.appendChild( style );\n\t\t\t\t\tdocument.currentScript?.remove();\n\t\t\t\t} )();\n\t\t\t<\/script><\/div><!-- .wpforms-field-container --><div class=\"wpforms-submit-container\" ><input type=\"hidden\" name=\"wpforms[id]\" value=\"1324\"><input type=\"hidden\" name=\"page_title\" value=\"\"><input type=\"hidden\" name=\"page_url\" value=\"https:\/\/gibostad.no\/martna\/wp-json\/wp\/v2\/pages\/1334\"><input type=\"hidden\" name=\"url_referer\" value=\"\"><button type=\"submit\" name=\"wpforms[submit]\" id=\"wpforms-submit-1324\" class=\"wpforms-submit\" data-alt-text=\"Sender...\" data-submit-text=\"P\u00e5melding GibostadMartna\" aria-live=\"assertive\" value=\"wpforms-submit\">P\u00e5melding GibostadMartna<\/button><img loading=\"lazy\" decoding=\"async\" src=\"https:\/\/gibostad.no\/martna\/wp-content\/plugins\/wpforms-lite\/assets\/images\/submit-spin.svg\" class=\"wpforms-submit-spinner\" style=\"display: none;\" width=\"26\" height=\"26\" alt=\"Loading\"><\/div><\/form><\/div>  <!-- .wpforms-container -->\n<p>Her finner dere v\u00e5re <a href=\"https:\/\/gibostad.no\/martna\/wp-content\/uploads\/2026\/03\/Vilkar-utstillere.pdf\" target=\"_new\"\">Vilk\u00e5r for utstillere<\/a>.<\/p>\n","protected":false},"excerpt":{"rendered":"<p>Her finner dere v\u00e5re<\/p>\n","protected":false},"author":1,"featured_media":0,"parent":0,"menu_order":0,"comment_status":"closed","ping_status":"closed","template":"","meta":{"Layout":"","footnotes":""},"class_list":["entry","author-johan","post-1334","page","type-page","status-publish"],"_links":{"self":[{"href":"https:\/\/gibostad.no\/martna\/wp-json\/wp\/v2\/pages\/1334","targetHints":{"allow":["GET"]}}],"collection":[{"href":"https:\/\/gibostad.no\/martna\/wp-json\/wp\/v2\/pages"}],"about":[{"href":"https:\/\/gibostad.no\/martna\/wp-json\/wp\/v2\/types\/page"}],"author":[{"embeddable":true,"href":"https:\/\/gibostad.no\/martna\/wp-json\/wp\/v2\/users\/1"}],"replies":[{"embeddable":true,"href":"https:\/\/gibostad.no\/martna\/wp-json\/wp\/v2\/comments?post=1334"}],"version-history":[{"count":7,"href":"https:\/\/gibostad.no\/martna\/wp-json\/wp\/v2\/pages\/1334\/revisions"}],"predecessor-version":[{"id":1474,"href":"https:\/\/gibostad.no\/martna\/wp-json\/wp\/v2\/pages\/1334\/revisions\/1474"}],"wp:attachment":[{"href":"https:\/\/gibostad.no\/martna\/wp-json\/wp\/v2\/media?parent=1334"}],"curies":[{"name":"wp","href":"https:\/\/api.w.org\/{rel}","templated":true}]}}