{"id":1348,"date":"2026-03-02T00:46:52","date_gmt":"2026-03-01T22:46:52","guid":{"rendered":"https:\/\/gibostad.no\/martna\/?page_id=1348"},"modified":"2026-04-24T20:30:34","modified_gmt":"2026-04-24T18:30:34","slug":"utstillere","status":"publish","type":"page","link":"https:\/\/gibostad.no\/martna\/utstillere\/","title":{"rendered":"Utstillere"},"content":{"rendered":"<p><strong>Utstillerere som du kan treffe l\u00f8rdag 8. august<\/strong><\/p>\n<table class=\"smaller\">\n<tr>\n<td width=40%><strong>Navn<\/strong><\/td>\n<td width=60%><strong>Selger<\/strong><\/td>\n<\/tr>\n<tr>\n<td>Julia Ryd\u00e9n Friberg<\/td>\n<td>Diverse sysaker.<\/td>\n<\/tr>\n<tr>\n<td>Candles With A Kick AS<br \/>Nadia Gr\u00f8nbech<\/td>\n<td>Egenproduserte duftprodukter og kronelys. Har ogs\u00e5 med te og godterier fra norske bedrifter.<\/td>\n<\/tr>\n<tr>\n<td>Ellbj\u00f8rg Falung og Anfrid Knutsen<\/td>\n<td>Bakervarer og poteter.<\/td>\n<\/tr>\n<tr>\n<td>Gillianne Jensen<\/td>\n<td>Hjemmesydde barnekl\u00f8r. Luer\/panneb\u00e5nd voksne.<\/td>\n<\/tr>\n<tr>\n<td>Trudi Jensen\/Hege Hansen<\/td>\n<td>Tova votter og lester.<\/td>\n<\/tr>\n<tr>\n<td>Gammeldagsmat AS<br \/>Christopher McAllister<\/td>\n<td>Kvalkj\u00f8ttkaker, lefser, blodpannekaker, blodp\u00f8lse, fiskekaker og chrispy snacks.<\/td>\n<\/tr>\n<tr>\n<td>Geir og Silje&#8217;s Alpnaering<\/td>\n<td>Selger Alpnaering &#8211; produkter. Matprodukter, helsekost, hudpleie og renholdsmiddel fra Sveits.<\/td>\n<\/tr>\n<tr>\n<td>Bestemors hj\u00f8rne<br \/>Ragnhild Furust\u00f8l Jensse<\/td>\n<td>Vesker toilettvesker og gr\u00e5lester.<\/td>\n<\/tr>\n<tr>\n<td>Verksted Sollied<br \/>Sissel Sollied<\/td>\n<td>Keramikkprodukter.<\/td>\n<\/tr>\n<tr>\n<td>Lofotlefse AS<br \/>Narlene Willersrun<\/td>\n<td>Lefser, gourmetchips, r\u00f8ykalaks og klippfisk.<\/td>\n<\/tr>\n<tr>\n<td>Atelier Astrid<br \/>Astrid Hanssen<\/td>\n<td>Egenprodusert keramikk. Kopper, sk\u00e5ler, figurer&#8230;.nyttig og unyttig steingods til hus og hytte.<\/td>\n<\/tr>\n<tr>\n<td>Alf Rognli Kj\u00f8nbergs G\u00e5rdsprodukter<\/td>\n<td>R\u00f8kt laks.<\/td>\n<\/tr>\n<tr>\n<td>Helen Naterstad<\/td>\n<td>Betong og div perleting.<\/td>\n<\/tr>\n<tr>\n<td>Smaksgalleriet By Smith-Hald<\/td>\n<td>Gourmetgeleer, oljer, krydder, kjeks, mm<\/td>\n<\/tr>\n<tr>\n<td>Reidun Irene Pedersen<\/td>\n<td>Tynnlefse, m\u00f8rlefse lester og votter<\/td>\n<\/tr>\n<tr>\n<td>Tone Richardsen<\/td>\n<td>Smykker,vesker,amigurumi<\/td>\n<\/tr>\n<\/table>\n<p><strong>Utstillere som du kan treffe s\u00f8ndag 9. august<\/strong><\/p>\n<table class=\"smaller\">\n<tr>\n<td width=40%><strong>Navn<\/strong><\/td>\n<td width=60%><strong>Selger<\/strong><\/td>\n<\/tr>\n<tr>\n<td>Julia Ryd\u00e9n Friberg<\/td>\n<td>Diverse sysaker.<\/td>\n<\/tr>\n<tr>\n<td>Candles With A Kick AS<br \/>Nadia Gr\u00f8nbech<\/td>\n<td>Egenproduserte duftprodukter og kronelys. Har ogs\u00e5 med te og godterier fra norske bedrifter.<\/td>\n<\/tr>\n<tr>\n<td>Ellbj\u00f8rg Falung og Anfrid Knutsen<\/td>\n<td>Bakervarer og poteter.<\/td>\n<\/tr>\n<tr>\n<td>Gillianne Jensen<\/td>\n<td>Hjemmesydde barnekl\u00f8r. Luer\/panneb\u00e5nd voksne.<\/td>\n<\/tr>\n<tr>\n<td>Gammeldagsmat AS<br \/>Christopher McAllister<\/td>\n<td>Kvalkj\u00f8ttkaker, lefser, blodpannekaker, blodp\u00f8lse, fiskekaker og chrispy snacks.<\/td>\n<\/tr>\n<tr>\n<td>Geir og Silje&#8217;s Alpnaering<\/td>\n<td>Selger Alpnaering &#8211; produkter. Matprodukter, helsekost, hudpleie og renholdsmiddel fra Sveits.<\/td>\n<\/tr>\n<tr>\n<td>Bestemors hj\u00f8rne<br \/>Ragnhild Furust\u00f8l Jensse<\/td>\n<td>Vesker toilettvesker og gr\u00e5lester.<\/td>\n<\/tr>\n<tr>\n<td>Verksted Sollied<br \/>Sissel Sollied<\/td>\n<td>Keramikkprodukter.<\/td>\n<\/tr>\n<tr>\n<td>Lofotlefse AS<br \/>Narlene Willersrun<\/td>\n<td>Lefser, gourmetchips, r\u00f8ykalaks og klippfisk.<\/td>\n<\/tr>\n<tr>\n<td>Atelier Astrid<br \/>Astrid Hanssen<\/td>\n<td>Egenprodusert keramikk. Kopper, sk\u00e5ler, figurer&#8230;.nyttig og unyttig steingods til hus og hytte.<\/td>\n<\/tr>\n<tr>\n<td>Alf Rognli Kj\u00f8nbergs G\u00e5rdsprodukter<\/td>\n<td>R\u00f8kt laks.<\/td>\n<\/tr>\n<tr>\n<td>Helen Naterstad<\/td>\n<td>Betong og div perleting.<\/td>\n<\/tr>\n<tr>\n<td>Smaksgalleriet By Smith-Hald<\/td>\n<td>Gourmetgeleer, oljer, krydder, kjeks, mm<\/td>\n<\/tr>\n<tr>\n<td>Tone Richardsen<\/td>\n<td>Smykker,vesker,amigurumi<\/td>\n<\/tr>\n<tr>\n<td><\/td>\n<td><\/td>\n<\/tr>\n<\/table>\n<p><em>Endringer kan og vil komme<\/em><\/p>\n","protected":false},"excerpt":{"rendered":"<p>Utstillerere som du kan treffe l\u00f8rdag 8. august Navn Selger Julia Ryd\u00e9n Friberg Diverse sysaker. Candles With A Kick ASNadia Gr\u00f8nbech Egenproduserte duftprodukter og kronelys. Har ogs\u00e5 med te og <a href=\"https:\/\/gibostad.no\/martna\/utstillere\/\" class=\"more-link\">[&hellip;]<\/a><\/p>\n","protected":false},"author":1,"featured_media":0,"parent":0,"menu_order":0,"comment_status":"closed","ping_status":"closed","template":"","meta":{"Layout":"","footnotes":""},"class_list":["entry","author-johan","post-1348","page","type-page","status-publish"],"_links":{"self":[{"href":"https:\/\/gibostad.no\/martna\/wp-json\/wp\/v2\/pages\/1348","targetHints":{"allow":["GET"]}}],"collection":[{"href":"https:\/\/gibostad.no\/martna\/wp-json\/wp\/v2\/pages"}],"about":[{"href":"https:\/\/gibostad.no\/martna\/wp-json\/wp\/v2\/types\/page"}],"author":[{"embeddable":true,"href":"https:\/\/gibostad.no\/martna\/wp-json\/wp\/v2\/users\/1"}],"replies":[{"embeddable":true,"href":"https:\/\/gibostad.no\/martna\/wp-json\/wp\/v2\/comments?post=1348"}],"version-history":[{"count":22,"href":"https:\/\/gibostad.no\/martna\/wp-json\/wp\/v2\/pages\/1348\/revisions"}],"predecessor-version":[{"id":1503,"href":"https:\/\/gibostad.no\/martna\/wp-json\/wp\/v2\/pages\/1348\/revisions\/1503"}],"wp:attachment":[{"href":"https:\/\/gibostad.no\/martna\/wp-json\/wp\/v2\/media?parent=1348"}],"curies":[{"name":"wp","href":"https:\/\/api.w.org\/{rel}","templated":true}]}}