{"id":1366,"date":"2026-03-02T01:01:42","date_gmt":"2026-03-01T23:01:42","guid":{"rendered":"https:\/\/gibostad.no\/martna\/?page_id=1366"},"modified":"2026-03-02T21:43:56","modified_gmt":"2026-03-02T19:43:56","slug":"program-2026","status":"publish","type":"page","link":"https:\/\/gibostad.no\/martna\/program-2026\/","title":{"rendered":"Program 2026"},"content":{"rendered":"<p><strong>Fredag 7. august<\/strong><br \/>\nMartnaPub?<\/p>\n<p><strong>L\u00f8rdag 8. august<\/strong><br \/>\nxx:xx &#8211; GibostadMartna \u00e5pner<\/p>\n<p>xx:xx &#8211; GibostadMartna stenger<\/p>\n<p>MartnaFest?<\/p>\n<p><strong>S\u00f8ndag 9. august<\/strong><br \/>\n11:00 &#8211; Gudstjeneste i Parken?<br \/>\nxx:xx &#8211; GibostadMartna \u00e5pner<\/p>\n<p>xx:xx &#8211; GibostadMartna stenger<\/p>\n<p><em>Endringer i programme kan og vil komme<\/em><\/p>\n","protected":false},"excerpt":{"rendered":"<p>Fredag 7. august MartnaPub? L\u00f8rdag 8. august xx:xx &#8211; GibostadMartna \u00e5pner xx:xx &#8211; GibostadMartna stenger MartnaFest? S\u00f8ndag 9. august 11:00 &#8211; Gudstjeneste i Parken? xx:xx &#8211; GibostadMartna \u00e5pner xx:xx &#8211; <a href=\"https:\/\/gibostad.no\/martna\/program-2026\/\" class=\"more-link\">[&hellip;]<\/a><\/p>\n","protected":false},"author":1,"featured_media":0,"parent":0,"menu_order":0,"comment_status":"closed","ping_status":"closed","template":"","meta":{"Layout":"","footnotes":""},"class_list":["entry","author-johan","post-1366","page","type-page","status-publish"],"_links":{"self":[{"href":"https:\/\/gibostad.no\/martna\/wp-json\/wp\/v2\/pages\/1366","targetHints":{"allow":["GET"]}}],"collection":[{"href":"https:\/\/gibostad.no\/martna\/wp-json\/wp\/v2\/pages"}],"about":[{"href":"https:\/\/gibostad.no\/martna\/wp-json\/wp\/v2\/types\/page"}],"author":[{"embeddable":true,"href":"https:\/\/gibostad.no\/martna\/wp-json\/wp\/v2\/users\/1"}],"replies":[{"embeddable":true,"href":"https:\/\/gibostad.no\/martna\/wp-json\/wp\/v2\/comments?post=1366"}],"version-history":[{"count":7,"href":"https:\/\/gibostad.no\/martna\/wp-json\/wp\/v2\/pages\/1366\/revisions"}],"predecessor-version":[{"id":1438,"href":"https:\/\/gibostad.no\/martna\/wp-json\/wp\/v2\/pages\/1366\/revisions\/1438"}],"wp:attachment":[{"href":"https:\/\/gibostad.no\/martna\/wp-json\/wp\/v2\/media?parent=1366"}],"curies":[{"name":"wp","href":"https:\/\/api.w.org\/{rel}","templated":true}]}}